{"id":44,"date":"2016-02-01T18:00:30","date_gmt":"2016-02-01T18:00:30","guid":{"rendered":"http:\/\/otullius.com\/?page_id=44"},"modified":"2016-04-03T11:14:25","modified_gmt":"2016-04-03T11:14:25","slug":"mein-jakobsweg","status":"publish","type":"page","link":"https:\/\/otullius.com\/?page_id=44","title":{"rendered":"Mein Jakobsweg"},"content":{"rendered":"<p>Der Jakobsweg ist sicher ein Highlight in meinem Leben im Fr\u00fchjahr 2009 gewesen. Der Camino war das intensivste, anstrengendste aber auch das mit Abstand sch\u00f6nste das ich je unternommen habe. 1.000.000 Schritte oder 1.000 km von Saint Jean Pied de Port bis Santiago de Compostela bin ich gepilgert. Der Jakobsweg wird traditionell gerne als Sternenweg bezeichnet. Das Licht der Sterne ist eine Art Kompass, der wiederum den Weg \u201ezum Paradies\u201c zeigt. Fr\u00fcher hie\u00df es, das Paradies sei am Ende der Welt und f\u00fcr die Menschen im Mittelalter war die K\u00fcste Galiziens das \u201eEnde der Welt\u201c Fisterra: Finisterre nannte man diese Region. Niemand war je weiter gekommen. Deshalb bin ich dann, nach dem Ankommen in Santiago aufgebrochen und habe mich auf die letzten 150 km bis Finisterre (\u201eEnde der Welt\u201c) und Muxia gemacht. Ob und wie viel dieser Weg mein Leben ver\u00e4ndert hat, kann ich hier und heute schwer beurteilen. Ich wei\u00df jedoch, er hat viel in mir bewegt und mich viel nachdenken lassen. Er hat wohl damit auch auf eine gewisse Art und Weise etwas in mir ver\u00e4ndert. Die Hospitalera Irene in der \u201eCasa Paderborn\u201c sagte zu mir, dieser Weg wird dich ver\u00e4ndern. Was hat dieser Camino in mir ver\u00e4ndert? Er ist irgendwie zur Leidenschaft, ja zur Passion geworden. 2011 habe ich mich wieder (nicht alleine) auf den Weg gemacht, der Camino Fisterra und Muxia stand auf dem Programm. 2012 hat mich wieder das Caminofieber gepackt und ich bin den Camino Portugu\u00eas gepilgert. Dann war es der Wunsch von Freunden mit ihnen ein Teilst\u00fcck des Camino Franc\u00eas zu gehen (Astorga bis Santiago de Compostela). Mit meinem S\u00fcdtiroler Pilgerfreund bin ich dann noch 2014 den Camino Primitivo mit einem kleinen Abstecher \u00fcber den Wallfahrtsort Covadonga von Oviedo bis Santiago gepilgert. Was ist der Zauber die Magie, oder welche Kraft hat der Camino? Ich kann jetzt nur f\u00fcr mich sprechen; Auf diesem Weg waren alle Menschen gleich und einfach unterwegs, alle waren hilfsbereit, jeder hat jedem geholfen, jeder hat nur einen Schritt nach vorne gemacht, und keiner wollte besser, sch\u00f6ner, gr\u00f6\u00dfer oder schlauer sein. Vielleicht ist das die Magie des Jakobswegs! \u201eNur Mut, du schaffst das.\u201c Diese Worte gab mir meine Doris mit auf den Weg. Mit Mut und Zuversicht kann man jeden Weg gehen!<br \/>\nAuf dem eigenen Weg gibt es keinen Stau. Deshalb: \u201eGeh vertrauensvoll in die Richtung deiner eigenen Tr\u00e4ume. Folge dem Kompass in deinem Herzen. Bleib immer authentisch auf deinem Camino. So kannst du niemals \u00fcberholt werden und kein Stau h\u00e4lt dich auf.\u201c<br \/>\nEine Lehre von meinem Camino ein unersch\u00fctterlicher Glaube an sich selbst, l\u00e4sst jeden der sich auf den Weg macht gro\u00dfe Ziele erreichen. Wenn man selbst nicht an sich glaubt, wer soll dann an mich Glauben? Auf dem Weg wirst du die Pers\u00f6nlichkeit, die du wirklich bist. Lass dich von deinem Inneren antreiben. Stell dir immer wieder die Frage:<br \/>\n\u201eWas will ich, wo will ich hin?\u201c<br \/>\nF\u00fcr mich ist der Camino zum \u201eHimmelspfad\u201c geworden. F\u00fcr mich der Weg der Stille \u2013 der Begegnung \u2013 der Erneuerung. Ich habe mich auf dem Weg gemacht, heraus aus der Sicherheit der Gewohnheiten ins Unbekannte aber auf das wesentliche beschr\u00e4nkt: Langsamkeit, Sille, Abgeschiedenheit, Einsamkeit, innere Sammlung. Begegnungen \u2013 Geschwisterlichkeit \u2013 Gastfreundschaft \u2013 neue Erfahrungen \u2013 neue Einsichten.<br \/>\nIch glaube sagen zu k\u00f6nnen nach meinem Camino:<br \/>\n\u201eIch bin angekommen!\u201c<br \/>\nAnkommen hei\u00dft aber auch, einen Ort finden und einen Traum zu verlieren!<\/p>\n","protected":false},"excerpt":{"rendered":"<p>Der Jakobsweg ist sicher ein Highlight in meinem Leben im Fr\u00fchjahr 2009 gewesen. Der Camino war das intensivste, anstrengendste aber auch das mit Abstand sch\u00f6nste das ich je unternommen habe. 1.000.000 Schritte oder 1.000 km von Saint Jean Pied de Port bis Santiago de Compostela bin ich gepilgert. Der Jakobsweg wird traditionell gerne als Sternenweg [&hellip;]<\/p>\n","protected":false},"author":1,"featured_media":0,"parent":0,"menu_order":0,"comment_status":"closed","ping_status":"closed","template":"","meta":{"footnotes":""},"_links":{"self":[{"href":"https:\/\/otullius.com\/index.php?rest_route=\/wp\/v2\/pages\/44"}],"collection":[{"href":"https:\/\/otullius.com\/index.php?rest_route=\/wp\/v2\/pages"}],"about":[{"href":"https:\/\/otullius.com\/index.php?rest_route=\/wp\/v2\/types\/page"}],"author":[{"embeddable":true,"href":"https:\/\/otullius.com\/index.php?rest_route=\/wp\/v2\/users\/1"}],"replies":[{"embeddable":true,"href":"https:\/\/otullius.com\/index.php?rest_route=%2Fwp%2Fv2%2Fcomments&post=44"}],"version-history":[{"count":2,"href":"https:\/\/otullius.com\/index.php?rest_route=\/wp\/v2\/pages\/44\/revisions"}],"predecessor-version":[{"id":242,"href":"https:\/\/otullius.com\/index.php?rest_route=\/wp\/v2\/pages\/44\/revisions\/242"}],"wp:attachment":[{"href":"https:\/\/otullius.com\/index.php?rest_route=%2Fwp%2Fv2%2Fmedia&parent=44"}],"curies":[{"name":"wp","href":"https:\/\/api.w.org\/{rel}","templated":true}]}}