{"id":4,"date":"2016-01-31T10:46:26","date_gmt":"2016-01-31T10:46:26","guid":{"rendered":"http:\/\/otullius.com\/?page_id=4"},"modified":"2016-04-30T12:17:02","modified_gmt":"2016-04-30T12:17:02","slug":"jakobsweg-buen-camino-ultreja","status":"publish","type":"page","link":"https:\/\/otullius.com\/?page_id=4","title":{"rendered":"Camino de Santiago &#8211; Mythos Jakobsweg"},"content":{"rendered":"<p><img loading=\"lazy\" decoding=\"async\" class=\"wp-image-237 aligncenter\" src=\"https:\/\/otullius.com\/wp-content\/uploads\/2016\/01\/12615252_1116864364990237_1873087903808068036_o-300x200.jpg\" alt=\"12615252_1116864364990237_1873087903808068036_o\" width=\"619\" height=\"412\" srcset=\"https:\/\/otullius.com\/wp-content\/uploads\/2016\/01\/12615252_1116864364990237_1873087903808068036_o-300x200.jpg 300w, https:\/\/otullius.com\/wp-content\/uploads\/2016\/01\/12615252_1116864364990237_1873087903808068036_o-768x511.jpg 768w, https:\/\/otullius.com\/wp-content\/uploads\/2016\/01\/12615252_1116864364990237_1873087903808068036_o.jpg 1000w\" sizes=\"(max-width: 619px) 100vw, 619px\" \/><\/p>\n<p>Als Jakobsweg (spanisch Camino de Santiago) wird der Pilgerweg zum Grab des Apostels Jakobus in Santiago de Compostela in Galicien, Spanien bezeichnet. Der wichtigste Teil, im 11. Jahrhundert entstanden, ist der sogenannte Camino Franc\u00e9s, der die K\u00f6nigsst\u00e4dte Pamplona, Estella, Burgos und L\u00e9on miteinander verbindet. Ein Pilgerf\u00fchrer des 12. Jahrhunderts nennt f\u00fcr den franz\u00f6sischen Raum vier weitere Wege, die sich im Umfeld der Pyren\u00e4en zu einem Strang vereinigen. Es entstand ein grosses Wegenetz in ganz Europa, die alle zum gleichen Ziel nach Santiago f\u00fchren. Nach der Wiederbelebung der Pilgerfahrt nach Santiago de Compostela in den 1970er Jahren wurden der spanische Hauptweg 1993 und die vier franz\u00f6sischen Wege 1998 in das UNESCO-Welterbe aufgenommen.<\/p>\n<p><img loading=\"lazy\" decoding=\"async\" class=\"wp-image-239 aligncenter\" src=\"https:\/\/otullius.com\/wp-content\/uploads\/2016\/01\/10687854_921780171165325_4550494971121078850_o-300x200.jpg\" alt=\"10687854_921780171165325_4550494971121078850_o\" width=\"605\" height=\"403\" srcset=\"https:\/\/otullius.com\/wp-content\/uploads\/2016\/01\/10687854_921780171165325_4550494971121078850_o-300x200.jpg 300w, https:\/\/otullius.com\/wp-content\/uploads\/2016\/01\/10687854_921780171165325_4550494971121078850_o-768x511.jpg 768w, https:\/\/otullius.com\/wp-content\/uploads\/2016\/01\/10687854_921780171165325_4550494971121078850_o-1024x682.jpg 1024w, https:\/\/otullius.com\/wp-content\/uploads\/2016\/01\/10687854_921780171165325_4550494971121078850_o-1200x799.jpg 1200w, https:\/\/otullius.com\/wp-content\/uploads\/2016\/01\/10687854_921780171165325_4550494971121078850_o.jpg 2000w\" sizes=\"(max-width: 605px) 100vw, 605px\" \/><\/p>\n","protected":false},"excerpt":{"rendered":"<p>Als Jakobsweg (spanisch Camino de Santiago) wird der Pilgerweg zum Grab des Apostels Jakobus in Santiago de Compostela in Galicien, Spanien bezeichnet. Der wichtigste Teil, im 11. Jahrhundert entstanden, ist der sogenannte Camino Franc\u00e9s, der die K\u00f6nigsst\u00e4dte Pamplona, Estella, Burgos und L\u00e9on miteinander verbindet. Ein Pilgerf\u00fchrer des 12. Jahrhunderts nennt f\u00fcr den franz\u00f6sischen Raum vier [&hellip;]<\/p>\n","protected":false},"author":1,"featured_media":0,"parent":0,"menu_order":0,"comment_status":"closed","ping_status":"closed","template":"","meta":{"footnotes":""},"_links":{"self":[{"href":"https:\/\/otullius.com\/index.php?rest_route=\/wp\/v2\/pages\/4"}],"collection":[{"href":"https:\/\/otullius.com\/index.php?rest_route=\/wp\/v2\/pages"}],"about":[{"href":"https:\/\/otullius.com\/index.php?rest_route=\/wp\/v2\/types\/page"}],"author":[{"embeddable":true,"href":"https:\/\/otullius.com\/index.php?rest_route=\/wp\/v2\/users\/1"}],"replies":[{"embeddable":true,"href":"https:\/\/otullius.com\/index.php?rest_route=%2Fwp%2Fv2%2Fcomments&post=4"}],"version-history":[{"count":6,"href":"https:\/\/otullius.com\/index.php?rest_route=\/wp\/v2\/pages\/4\/revisions"}],"predecessor-version":[{"id":3243,"href":"https:\/\/otullius.com\/index.php?rest_route=\/wp\/v2\/pages\/4\/revisions\/3243"}],"wp:attachment":[{"href":"https:\/\/otullius.com\/index.php?rest_route=%2Fwp%2Fv2%2Fmedia&parent=4"}],"curies":[{"name":"wp","href":"https:\/\/api.w.org\/{rel}","templated":true}]}}