{"id":2,"date":"2016-01-11T05:45:50","date_gmt":"2016-01-11T05:45:50","guid":{"rendered":"http:\/\/otullius.com\/?page_id=2"},"modified":"2016-04-30T12:45:30","modified_gmt":"2016-04-30T12:45:30","slug":"sample-page","status":"publish","type":"page","link":"https:\/\/otullius.com\/","title":{"rendered":"Startseite"},"content":{"rendered":"<p><img loading=\"lazy\" decoding=\"async\" class=\"wp-image-3238 size-medium alignleft\" src=\"https:\/\/otullius.com\/wp-content\/uploads\/2016\/04\/Camino-de-Santiago-2009_1743-225x300.jpg\" alt=\"Camino de Santiago 2009_1743\" width=\"225\" height=\"300\" srcset=\"https:\/\/otullius.com\/wp-content\/uploads\/2016\/04\/Camino-de-Santiago-2009_1743-225x300.jpg 225w, https:\/\/otullius.com\/wp-content\/uploads\/2016\/04\/Camino-de-Santiago-2009_1743-768x1024.jpg 768w\" sizes=\"(max-width: 225px) 100vw, 225px\" \/>Ich freue mich, dass Sie den Weg (Camino) auf meine Homepage gefunden haben. Es w\u00e4re sch\u00f6n, und es w\u00fcrde mich \u201esuper\u201c freuen, wenn ich mit meinen verschieden Beitr\u00e4gen zum Jakobsweg, ihr Interesse wecken k\u00f6nnte. Der Jakobsweg ist ein alter Pilgerweg kreuz und quer durch Europa. Ganz speziell auf verschiedenen Wegen durch Spanien (in Spanien sagt man: \u201eWer die eigene T\u00fcr hinter sich schlie\u00dft, ist auf dem Weg\u201c). Ganz gleich ob von der eigenen Haust\u00fcr ausgehend oder von einem anderen Startpunkt, der Jakobsweg f\u00fchrt alle nach Santiago de Compostela. Viele Millionen Menschen sind diesen Weg in den letzten fast zweihundert Jahren gegangen. Noch immer hat der Camino nichts von seiner Magie verloren. Diese Magie war f\u00fcr mich \u2013 Zeit zu haben \u2013 zu sich zu kommen und sich dann auch zu finden. Einzigartig ist die gro\u00dfe Vielfalt von Naturerlebnissen, historischen alten Bauwerken und die Kunst aus anderen Generationen. Die Begegnungen mit der einheimischen Bev\u00f6lkerung auf diesem Weg und nat\u00fcrlich mit den Pilgern aus der ganzen Welt. Nach meinem Berufsleben habe ich mich 2009 auf den Weg gemacht, um mein Leben neu zu ordnen. Ich hatte das Gef\u00fchl viele Dinge aufarbeiten und neu bewerten zu m\u00fcssen. Ich bin wirklich gl\u00fccklich, froh und unheimlich dankbar, dass ich den Jakobsweg gegangen bin. Er hat mich als Mensch bereichert und sehr zufrieden gemacht. &#8211; Leben ist einfach \u2026 man mu\u00df es auch einfach leben! \u2013 Das sind Worte, die ein gesch\u00e4tzter Mensch zu mir gesagt hat. \u2013 Wer anderen folgt, kommt nie auf den eigenen Weg! &#8211; \u00a0 Speziell m\u00f6chte ich mich bedanken bei meiner Doris. Denn ohne ihr Verst\u00e4ndnis mich gehen zu lassen und ihre Unterst\u00fctzung h\u00e4tte ich es nicht geschafft. Mein Jakobsweg 2009 w\u00e4re nicht m\u00f6glich gewesen. Sie hatte mir ein Bild mit einem kleinen Spruch in den Rucksack gelegt, den ich erst am zweiten Tag meiner Pilgerreise fand. Auf diesem Zettel waren nur f\u00fcnf Worte \u2013 \u201eNur Mut! Du schaffst das! \u2013 Sie hatte recht; &#8211; ich bin angekommen, nicht nur in Santiago de Compostela, sondern auch bei mir!<\/p>\n<p>Viel Spass auf meinen Seiten! Vielleicht gelingt es mir ein wenig von diesem Gl\u00fcck weiterzugeben.\u00a0\u00a0 Vielleicht gelingt es mir sogar Sie mit meinen Seiten zu begeistern. So, dass Sie Ihre eigene \u00a0Pilgerreise starten.<\/p>\n<p>Buen Camino \u2013 Ultreia \u2013<\/p>\n<p>Ihr Otmar<\/p>\n","protected":false},"excerpt":{"rendered":"<p>Ich freue mich, dass Sie den Weg (Camino) auf meine Homepage gefunden haben. Es w\u00e4re sch\u00f6n, und es w\u00fcrde mich \u201esuper\u201c freuen, wenn ich mit meinen verschieden Beitr\u00e4gen zum Jakobsweg, ihr Interesse wecken k\u00f6nnte. Der Jakobsweg ist ein alter Pilgerweg kreuz und quer durch Europa. Ganz speziell auf verschiedenen Wegen durch Spanien (in Spanien sagt [&hellip;]<\/p>\n","protected":false},"author":1,"featured_media":0,"parent":0,"menu_order":0,"comment_status":"closed","ping_status":"open","template":"","meta":{"footnotes":""},"_links":{"self":[{"href":"https:\/\/otullius.com\/index.php?rest_route=\/wp\/v2\/pages\/2"}],"collection":[{"href":"https:\/\/otullius.com\/index.php?rest_route=\/wp\/v2\/pages"}],"about":[{"href":"https:\/\/otullius.com\/index.php?rest_route=\/wp\/v2\/types\/page"}],"author":[{"embeddable":true,"href":"https:\/\/otullius.com\/index.php?rest_route=\/wp\/v2\/users\/1"}],"replies":[{"embeddable":true,"href":"https:\/\/otullius.com\/index.php?rest_route=%2Fwp%2Fv2%2Fcomments&post=2"}],"version-history":[{"count":6,"href":"https:\/\/otullius.com\/index.php?rest_route=\/wp\/v2\/pages\/2\/revisions"}],"predecessor-version":[{"id":3245,"href":"https:\/\/otullius.com\/index.php?rest_route=\/wp\/v2\/pages\/2\/revisions\/3245"}],"wp:attachment":[{"href":"https:\/\/otullius.com\/index.php?rest_route=%2Fwp%2Fv2%2Fmedia&parent=2"}],"curies":[{"name":"wp","href":"https:\/\/api.w.org\/{rel}","templated":true}]}}